{"id":2,"date":"2025-09-25T11:32:54","date_gmt":"2025-09-25T11:32:54","guid":{"rendered":"https:\/\/vsbetonilattiat.fi\/?page_id=2"},"modified":"2026-01-08T08:22:39","modified_gmt":"2026-01-08T08:22:39","slug":"etusivu","status":"publish","type":"page","link":"https:\/\/vsbetonilattiat.fi\/","title":{"rendered":"Etusivu"},"content":{"rendered":"<p>[et_pb_section fb_built=&#8221;1&#8243; _builder_version=&#8221;4.21.0&#8243; _module_preset=&#8221;default&#8221; background_image=&#8221;https:\/\/vsbetonilattiat.fi\/wp-content\/uploads\/2025\/10\/annie-spratt-IB5D1kndzOI-unsplash-scaled.jpg&#8221; global_colors_info=&#8221;{}&#8221;][et_pb_row column_structure=&#8221;3_5,2_5&#8243; _builder_version=&#8221;4.21.0&#8243; _module_preset=&#8221;default&#8221; background_color=&#8221;#FFFFFF&#8221; global_colors_info=&#8221;{}&#8221;][et_pb_column type=&#8221;3_5&#8243; _builder_version=&#8221;4.21.0&#8243; _module_preset=&#8221;default&#8221; global_colors_info=&#8221;{}&#8221;][et_pb_text _builder_version=&#8221;4.21.0&#8243; _module_preset=&#8221;default&#8221; text_font_size=&#8221;18px&#8221; custom_margin=&#8221;||||false|false&#8221; custom_padding=&#8221;20px|20px|20px|20px|false|false&#8221; global_colors_info=&#8221;{}&#8221;]<\/p>\n<p><span style=\"font-weight: 400;\">V-S Betonilattiat Oy on yhden miehen yritys, jonka yritt\u00e4j\u00e4 on toiminut yritt\u00e4j\u00e4n\u00e4 yli 15 vuoden ajan. P\u00e4\u00e4paino yrityksen ty\u00f6kohteissa on nykyisin monipuolisesti erikokoiset ja erilaiset betonilattiat.<\/span><\/p>\n<p><span style=\"font-weight: 400;\">V-S Betonilattiat Oy tarjoaa kest\u00e4vi\u00e4 ja helppohoitoisia betonilattiavaluja eri kokoisiin kohteisiin, kuten omakotitaloihin, varastoihin, talleihin ja halleihin. Palvelumme kattaa kaiken huolellisesta betonilattian suunnittelusta ammattimaiseen toteutukseen ja viimeistelyyn. Toimialueena on p\u00e4\u00e4asiassa Varsinais-Suomi, ja vuosien kokemuksella toteutamme betonivalut niin uudiskohteisiin kuin saneerauskohteisiin. Kehit\u00e4mme kest\u00e4vi\u00e4, toimivia ja kustannustehokkaita ratkaisuja, ja huolehdimme kaikesta alusta loppuun varmistaen korkealaatuisen lopputuloksen jokaisessa projektissa. Tavoitteenamme on joka kerta varmistaa laadukkaalla palvelulla ja ty\u00f6ll\u00e4 tyytyv\u00e4inen asiakas.<\/span><\/p>\n<p>[\/et_pb_text][\/et_pb_column][et_pb_column type=&#8221;2_5&#8243; _builder_version=&#8221;4.21.0&#8243; _module_preset=&#8221;default&#8221; global_colors_info=&#8221;{}&#8221;][et_pb_image src=&#8221;https:\/\/vsbetonilattiat.fi\/wp-content\/uploads\/2025\/10\/1000024582.jpeg&#8221; title_text=&#8221;1000024582&#8243; _builder_version=&#8221;4.21.0&#8243; _module_preset=&#8221;default&#8221; custom_padding=&#8221;20px|20px|20px|20px|false|false&#8221; global_colors_info=&#8221;{}&#8221;][\/et_pb_image][\/et_pb_column][\/et_pb_row][et_pb_row column_structure=&#8221;1_2,1_2&#8243; _builder_version=&#8221;4.21.0&#8243; _module_preset=&#8221;default&#8221; global_colors_info=&#8221;{}&#8221;][et_pb_column type=&#8221;1_2&#8243; _builder_version=&#8221;4.21.0&#8243; _module_preset=&#8221;default&#8221; global_colors_info=&#8221;{}&#8221;][et_pb_text _builder_version=&#8221;4.21.0&#8243; _module_preset=&#8221;default&#8221; text_font_size=&#8221;16px&#8221; background_color=&#8221;#FFFFFF&#8221; custom_margin=&#8221;||||false|false&#8221; custom_padding=&#8221;20px|20px|20px|20px|false|false&#8221; global_colors_info=&#8221;{}&#8221;]<\/p>\n<h2><b>Sirotelattia<\/b><\/h2>\n<p><span style=\"font-weight: 400;\"> on kest\u00e4v\u00e4 ja esteettinen valinta, joka yhdist\u00e4\u00e4 k\u00e4yt\u00e4nn\u00f6llisyyden ja monipuolisuuden.\u00a0<\/span><\/p>\n<p><span style=\"font-weight: 400;\">Hy\u00f6dyt:<\/span><\/p>\n<p><span style=\"font-weight: 400;\">\u00a0<\/span><\/p>\n<ul>\n<li style=\"font-weight: 400;\" aria-level=\"1\"><span style=\"font-weight: 400;\">Kest\u00e4vyys: Sirotelattiat ovat eritt\u00e4in kest\u00e4vi\u00e4 ja kest\u00e4v\u00e4t hyvin kulutusta, iskuja sek\u00e4 kemikaaleja, mik\u00e4 tekee niist\u00e4 erinomaisen valinnan teollisuus- ja varastotiloihin.<\/span><\/li>\n<\/ul>\n<p><span style=\"font-weight: 400;\">\u00a0<\/span><\/p>\n<ul>\n<li style=\"font-weight: 400;\" aria-level=\"1\"><span style=\"font-weight: 400;\">Helppohoitoisuus: Sirotelattiat ovat helppoja puhdistaa ja yll\u00e4pit\u00e4\u00e4. Pintak\u00e4sittely est\u00e4\u00e4 p\u00f6lyn kertymist\u00e4 ja lian tarttumista, mik\u00e4 helpottaa siivousta.<\/span><\/li>\n<\/ul>\n<p><span style=\"font-weight: 400;\"><\/span><\/p>\n<p>&nbsp;<\/p>\n<ul>\n<li style=\"font-weight: 400;\" aria-level=\"1\"><span style=\"font-weight: 400;\">Kustannustehokkuus: Vaikka alkuinvestointi sirotelattiaan saattaa olla korkeampi kuin perinteisemmiss\u00e4 lattiavalinnoissa, sen pitk\u00e4 k\u00e4ytt\u00f6ik\u00e4 ja v\u00e4h\u00e4inen huollontarve tekev\u00e4t siit\u00e4 pitk\u00e4ll\u00e4 t\u00e4ht\u00e4imell\u00e4 kustannustehokkaan ratkaisun.<\/span><\/li>\n<\/ul>\n<p><span style=\"font-weight: 400;\">Sirotelattia on loistava valinta autotalleihin, varastoihin, teollisuus- kuin liiketiloihinkin, sek\u00e4 muihin tiloihin, joissa tarvitaan kest\u00e4vi\u00e4 ja esteettisi\u00e4 lattiapintoja.\u00a0<\/span><\/p>\n<p><span style=\"font-weight: 400;\">Sirotelattia yhdist\u00e4\u00e4 k\u00e4yt\u00e4nn\u00f6llisyyden ja kauneuden t\u00e4ydellisesti, mik\u00e4 parantaa tilan k\u00e4ytett\u00e4vyytt\u00e4 ja ulkon\u00e4k\u00f6\u00e4. Sen helppohoitoisuus ja pitk\u00e4 k\u00e4ytt\u00f6ik\u00e4 tekev\u00e4t siit\u00e4 kustannustehokkaan ratkaisun. Ota rohkeasti yhteytt\u00e4 ja kysy lis\u00e4\u00e4!<\/span><\/p>\n<p>[\/et_pb_text][\/et_pb_column][et_pb_column type=&#8221;1_2&#8243; _builder_version=&#8221;4.21.0&#8243; _module_preset=&#8221;default&#8221; global_colors_info=&#8221;{}&#8221;][et_pb_text _builder_version=&#8221;4.21.0&#8243; _module_preset=&#8221;default&#8221; text_font_size=&#8221;16px&#8221; header_3_font_size=&#8221;26px&#8221; background_color=&#8221;#FFFFFF&#8221; custom_padding=&#8221;20px|20px|20px|20px|false|false&#8221; global_colors_info=&#8221;{}&#8221;]<\/p>\n<h3><b>Kipsilattiavalu<\/b><\/h3>\n<p><span style=\"font-weight: 400;\">Yhteisty\u00f6kumppanimme kautta on saatavilla kipsilattiavaluja. Kipsivalulattiamme perustuvat pumpattavaan ja itsest\u00e4\u00e4n tasoittuvaan Knauf-kipsivalumassaan, joka soveltuu erinomaisesti l\u00e4mp\u00f6lattiaksi, v\u00e4lipohjaksi, lattian oikaisuun tai pintalattiaksi betonin p\u00e4\u00e4lle. Kipsimassalla on hyv\u00e4t taivutus- ja puristuslujuudet sek\u00e4 erinomainen \u00e4\u00e4nieristys, ja se on my\u00f6s helppo p\u00e4\u00e4llyst\u00e4\u00e4.<\/span><\/p>\n<p>&nbsp;<\/p>\n<p><span style=\"font-weight: 400;\">Kipsivalu kuivuu jopa puolet nopeammin kuin perinteinen betoni, eik\u00e4 se vaadi raudoitusta, mik\u00e4 nopeuttaa asennusta. Sen erinomainen l\u00e4mm\u00f6njohtokyky tekee siit\u00e4 energiatehokkaan ratkaisun sek\u00e4 uudisrakentamisessa ett\u00e4 saneerauskohteissa. Kipsi my\u00f6s parantaa huoneilman laatua imem\u00e4ll\u00e4 ja luovuttamalla kosteutta.<\/span><\/p>\n<p>&nbsp;<\/p>\n<p><span style=\"font-weight: 400;\">Valmistuksessa k\u00e4ytet\u00e4\u00e4n luonnonkipsi\u00e4 ja voimalaitoskipsi\u00e4, ja Knauf-kipsimassalla on ISO 14001:2015 ymp\u00e4rist\u00f6sertifikaatti sek\u00e4 kotimainen avainlippu-merkki. Hinta m\u00e4\u00e4r\u00e4ytyy kohteen ja pinta-alan mukaan, joten maksat vain tehdyist\u00e4 ty\u00f6st\u00e4 ja materiaaleista.<\/span><\/p>\n<p>&nbsp;<\/p>\n<p><span style=\"font-weight: 400;\">Soita ja tiedustele lis\u00e4\u00e4!<\/span><\/p>\n<p>[\/et_pb_text][\/et_pb_column][\/et_pb_row][\/et_pb_section]<\/p>\n","protected":false},"excerpt":{"rendered":"<p>V-S Betonilattiat Oy on yhden miehen yritys, jonka yritt\u00e4j\u00e4 on toiminut yritt\u00e4j\u00e4n\u00e4 yli 15 vuoden ajan. P\u00e4\u00e4paino yrityksen ty\u00f6kohteissa on nykyisin monipuolisesti erikokoiset ja erilaiset betonilattiat. V-S Betonilattiat Oy tarjoaa kest\u00e4vi\u00e4 ja helppohoitoisia betonilattiavaluja eri kokoisiin kohteisiin, kuten omakotitaloihin, varastoihin, talleihin ja halleihin. Palvelumme kattaa kaiken huolellisesta betonilattian suunnittelusta ammattimaiseen toteutukseen ja viimeistelyyn. Toimialueena on [&hellip;]<\/p>\n","protected":false},"author":1,"featured_media":0,"parent":0,"menu_order":0,"comment_status":"closed","ping_status":"closed","template":"","meta":{"_et_pb_use_builder":"on","_et_pb_old_content":"<!-- wp:paragraph -->\n<p>This is an example page. It's different from a blog post because it will stay in one place and will show up in your site navigation (in most themes). Most people start with an About page that introduces them to potential site visitors. It might say something like this:<\/p>\n<!-- \/wp:paragraph -->\n\n<!-- wp:quote -->\n<blockquote class=\"wp-block-quote\"><p>Hi there! I'm a bike messenger by day, aspiring actor by night, and this is my website. I live in Los Angeles, have a great dog named Jack, and I like pi&#241;a coladas. (And gettin' caught in the rain.)<\/p><\/blockquote>\n<!-- \/wp:quote -->\n\n<!-- wp:paragraph -->\n<p>...or something like this:<\/p>\n<!-- \/wp:paragraph -->\n\n<!-- wp:quote -->\n<blockquote class=\"wp-block-quote\"><p>The XYZ Doohickey Company was founded in 1971, and has been providing quality doohickeys to the public ever since. Located in Gotham City, XYZ employs over 2,000 people and does all kinds of awesome things for the Gotham community.<\/p><\/blockquote>\n<!-- \/wp:quote -->\n\n<!-- wp:paragraph -->\n<p>As a new WordPress user, you should go to <a href=\"https:\/\/vsbetonilattiat.fi\/wp-admin\/\">your dashboard<\/a> to delete this page and create new pages for your content. Have fun!<\/p>\n<!-- \/wp:paragraph -->","_et_gb_content_width":"","footnotes":""},"class_list":["post-2","page","type-page","status-publish","hentry"],"_links":{"self":[{"href":"https:\/\/vsbetonilattiat.fi\/index.php?rest_route=\/wp\/v2\/pages\/2","targetHints":{"allow":["GET"]}}],"collection":[{"href":"https:\/\/vsbetonilattiat.fi\/index.php?rest_route=\/wp\/v2\/pages"}],"about":[{"href":"https:\/\/vsbetonilattiat.fi\/index.php?rest_route=\/wp\/v2\/types\/page"}],"author":[{"embeddable":true,"href":"https:\/\/vsbetonilattiat.fi\/index.php?rest_route=\/wp\/v2\/users\/1"}],"replies":[{"embeddable":true,"href":"https:\/\/vsbetonilattiat.fi\/index.php?rest_route=%2Fwp%2Fv2%2Fcomments&post=2"}],"version-history":[{"count":6,"href":"https:\/\/vsbetonilattiat.fi\/index.php?rest_route=\/wp\/v2\/pages\/2\/revisions"}],"predecessor-version":[{"id":65,"href":"https:\/\/vsbetonilattiat.fi\/index.php?rest_route=\/wp\/v2\/pages\/2\/revisions\/65"}],"wp:attachment":[{"href":"https:\/\/vsbetonilattiat.fi\/index.php?rest_route=%2Fwp%2Fv2%2Fmedia&parent=2"}],"curies":[{"name":"wp","href":"https:\/\/api.w.org\/{rel}","templated":true}]}}